{"id":2,"date":"2012-06-22T14:03:04","date_gmt":"2012-06-22T14:03:04","guid":{"rendered":"http:\/\/www.finislege.com\/?page_id=2"},"modified":"2012-08-22T13:47:50","modified_gmt":"2012-08-22T13:47:50","slug":"about","status":"publish","type":"page","link":"https:\/\/www.finislege.com\/","title":{"rendered":"FinisLege"},"content":{"rendered":"<p><span style=\"color: #333399;\"><strong>FinisLege<\/strong> <\/span>\u201cAbogados que explican el Derecho y la Justicia a sus clientes bajo valores de cercan\u00eda, claridad, honestidad y profesionalidad\u201d. Informamos a nuestros clientes de la realidad y viabilidad de sus casos.<\/p>\n<p><span style=\"color: #333399;\"><strong>FinisLege<\/strong><\/span> es un despacho din\u00e1mico que tiene oficinas en Madrid, Alicante y Santa Pola colaborando con los mejores abogados de cada especialidad.<\/p>\n<p>En<span style=\"color: #333399;\"> <strong>FinisLege<\/strong><\/span> encontrar\u00e1s abogados j\u00f3venes, din\u00e1micos y proactivos con m\u00e1s de 10 a\u00f1os de experiencia que contin\u00faan form\u00e1ndose por el bien de sus clientes y su despacho.<\/p>\n<p>Nuestro Asesoramiento jur\u00eddico ser\u00e1 del todo satisfactorio y darles la gracias de antemano por su confianza<\/p>\n","protected":false},"excerpt":{"rendered":"<p>FinisLege \u201cAbogados que explican el Derecho y la Justicia a sus clientes bajo valores de cercan\u00eda, claridad, honestidad y profesionalidad\u201d. Informamos a nuestros clientes de la realidad y viabilidad de sus casos. FinisLege es un despacho din\u00e1mico que tiene oficinas en Madrid, Alicante y Santa Pola colaborando con los mejores abogados de cada especialidad. En [&hellip;]<\/p>\n","protected":false},"author":1,"featured_media":0,"parent":0,"menu_order":5,"comment_status":"open","ping_status":"open","template":"showcase.php","meta":{"footnotes":""},"class_list":["post-2","page","type-page","status-publish","hentry"],"jetpack_sharing_enabled":true,"_links":{"self":[{"href":"https:\/\/www.finislege.com\/index.php?rest_route=\/wp\/v2\/pages\/2","targetHints":{"allow":["GET"]}}],"collection":[{"href":"https:\/\/www.finislege.com\/index.php?rest_route=\/wp\/v2\/pages"}],"about":[{"href":"https:\/\/www.finislege.com\/index.php?rest_route=\/wp\/v2\/types\/page"}],"author":[{"embeddable":true,"href":"https:\/\/www.finislege.com\/index.php?rest_route=\/wp\/v2\/users\/1"}],"replies":[{"embeddable":true,"href":"https:\/\/www.finislege.com\/index.php?rest_route=%2Fwp%2Fv2%2Fcomments&post=2"}],"version-history":[{"count":15,"href":"https:\/\/www.finislege.com\/index.php?rest_route=\/wp\/v2\/pages\/2\/revisions"}],"predecessor-version":[{"id":115,"href":"https:\/\/www.finislege.com\/index.php?rest_route=\/wp\/v2\/pages\/2\/revisions\/115"}],"wp:attachment":[{"href":"https:\/\/www.finislege.com\/index.php?rest_route=%2Fwp%2Fv2%2Fmedia&parent=2"}],"curies":[{"name":"wp","href":"https:\/\/api.w.org\/{rel}","templated":true}]}}